{"id":3158,"date":"2022-03-07T10:29:20","date_gmt":"2022-03-07T09:29:20","guid":{"rendered":"http:\/\/hidden-grove-3p4sgefefl.ploi.link\/qui-nous-sommes\/"},"modified":"2024-02-12T16:33:09","modified_gmt":"2024-02-12T15:33:09","slug":"qui-nous-sommes","status":"publish","type":"page","link":"https:\/\/teknodiver.com\/fr\/qui-nous-sommes\/","title":{"rendered":"Qui nous sommes"},"content":{"rendered":"<div class=\"wp-block-image is-style-default\">\n<figure class=\"aligncenter size-full\"><img loading=\"lazy\" decoding=\"async\" width=\"750\" height=\"185\" src=\"http:\/\/hidden-grove-3p4sgefefl.ploi.link\/wp-content\/uploads\/2022\/02\/Logo-Completo-Colore.jpg\" alt=\"\" class=\"wp-image-1609\" srcset=\"https:\/\/teknodiver.com\/wp-content\/uploads\/2022\/02\/Logo-Completo-Colore.jpg 750w, https:\/\/teknodiver.com\/wp-content\/uploads\/2022\/02\/Logo-Completo-Colore-600x148.jpg 600w, https:\/\/teknodiver.com\/wp-content\/uploads\/2022\/02\/Logo-Completo-Colore-300x74.jpg 300w\" sizes=\"auto, (max-width: 750px) 100vw, 750px\" \/><\/figure><\/div>\n<p><strong>You will never dive Alone\u00a0\u00bb<\/strong><\/p>\n\n<p class=\"has-text-align-left\">Le choix de cette devise est n\u00e9 il y a quelques ann\u00e9es pour identifier l\u2019esprit d\u2019entreprise, avec la phrase <strong>\u201cVous ne vous sentirez plus jamais seul en plong\u00e9e\u201d<\/strong> nous avons voulu concr\u00e9tiser la valeur ajout\u00e9e qu\u2019une usine dynamique comme Teknodiver peut offrir a ses clients.<\/p>\n\n<p class=\"has-text-align-left\">Notre objectif est de faire en sorte que vous soyez toujours au \u201ccentre\u201d de l\u2019attention avec une qualit\u00e9 de service et un produit unique en son genre.<\/p>\n\n<p class=\"has-text-align-left\">Quelle qu\u2019elle soit, la combinaison de plong\u00e9e est un composant essentiel de l\u2019\u00e9quipement pour la s\u00e9curit\u00e9 et le confort des plongeurs. R\u00e9ussir \u00e0 vous fournir un produit au plus pr\u00e8s de vos exigences est notre pr\u00e9occupation principale. Pour cela, nous travaillons sur chaque produit avec attention et professionnalisme pour que rien ne soit laiss\u00e9 au hasard.<\/p>\n\n<p class=\"has-text-align-left\">Le \u00ab\u00a0<strong>Made en Italy\u00a0\u00bb<\/strong> est une marque de fabrique qui rel\u00e8ve de la tradition, c\u2019est un art et une capacit\u00e9 professionnelle que le monde nous envie, dont nous sommes fiers et qui constitue notre tr\u00e9sor d\u2019exp\u00e9rience jours apr\u00e8s jours. Il est constitu\u00e9 d\u2019ann\u00e9es de recherche, de d\u00e9veloppement et d\u2019innovations, caract\u00e9ristiques que nous consid\u00e9rons comme un bien unique en son genre. Chaque \u00e9tape de la production est supervis\u00e9e et contr\u00f4l\u00e9e car votre satisfaction est ce qu\u2019il y a de plus important pour nous. C\u2019est pour cela que nous ne vous consid\u00e9rons pas comme de simples clients, mais plut\u00f4t comme une partie de nous m\u00eame&#8230;.<\/p>\n\n<p><strong>D\u00e9veloppement<\/strong><\/p>\n\n<div class=\"wp-block-columns is-layout-flex wp-container-core-columns-is-layout-9d6595d7 wp-block-columns-is-layout-flex\">\n<div class=\"wp-block-column is-layout-flow wp-block-column-is-layout-flow\" style=\"flex-basis:10%\">\n<figure class=\"wp-block-gallery has-nested-images columns-default is-cropped wp-block-gallery-1 is-layout-flex wp-block-gallery-is-layout-flex\">\n<figure class=\"wp-block-image size-full is-style-default\"><img loading=\"lazy\" decoding=\"async\" width=\"200\" height=\"203\" data-id=\"1921\" src=\"https:\/\/teknodiver.com\/wp-content\/uploads\/2022\/03\/progettazione.png\" alt=\"\" class=\"wp-image-1921\"\/><\/figure>\n<\/figure>\n<\/div>\n\n\n\n<div class=\"wp-block-column is-layout-flow wp-block-column-is-layout-flow\" style=\"flex-basis:90%\">\n<p>Chaque mod\u00e8le est projet\u00e9, \u00e9labor\u00e9 et modifi\u00e9 en utilisant des techniques informatis\u00e9es d\u2019avant-garde, le d\u00e9veloppement des tailles \u201cgradation\u201d est mis \u00e0 jour constamment pour offrir des caract\u00e9ristiques de confort et de d\u2019habillage uniques, ces \u00e9tudes demandent des heures de travail m\u00e9ticuleux pour obtenir des r\u00e9sultats tr\u00e8s importants.. Gr\u00e2ce \u00e0 notre exp\u00e9rience dans la r\u00e9alisation et le d\u00e9veloppement de mod\u00e8les, nous sommes apte \u00e0 offrir un \u00e9chantillonnage de tailles apte \u00e0 habiller chaque morphologie. TEKNODIVER d\u00e9veloppe et r\u00e9alise des v\u00eatements humides et \u00e9tanches sp\u00e9cifiques depuis des ann\u00e9es pour d\u00e9partements militaires sp\u00e9ciaux, forces sp\u00e9ciales europ\u00e9ennes, protection civile et \u00e9quipes de sauvetage en mer.<\/p>\n<\/div>\n<\/div>\n\n<p><strong>\u00c9chantillonnage<\/strong><\/p>\n\n<div class=\"wp-block-columns is-layout-flex wp-container-core-columns-is-layout-9d6595d7 wp-block-columns-is-layout-flex\">\n<div class=\"wp-block-column is-layout-flow wp-block-column-is-layout-flow\" style=\"flex-basis:10%\">\n<figure class=\"wp-block-gallery has-nested-images columns-default is-cropped wp-block-gallery-2 is-layout-flex wp-block-gallery-is-layout-flex\">\n<figure class=\"wp-block-image size-full is-style-default\"><img loading=\"lazy\" decoding=\"async\" width=\"200\" height=\"464\" data-id=\"1925\" src=\"https:\/\/teknodiver.com\/wp-content\/uploads\/2022\/03\/vestibilita_grande.jpg\" alt=\"\" class=\"wp-image-1925\" srcset=\"https:\/\/teknodiver.com\/wp-content\/uploads\/2022\/03\/vestibilita_grande.jpg 200w, https:\/\/teknodiver.com\/wp-content\/uploads\/2022\/03\/vestibilita_grande-129x300.jpg 129w\" sizes=\"auto, (max-width: 200px) 100vw, 200px\" \/><\/figure>\n<\/figure>\n<\/div>\n\n\n\n<div class=\"wp-block-column is-layout-flow wp-block-column-is-layout-flow\" style=\"flex-basis:90%\">\n<ul class=\"wp-block-list\">\n<li>Grazie alla nostra esperienza nella realizzazione e sviluppo di modelli siamo in grado di offrire un range di taglie speciali atte a vestire ogni tipologia di persona.<\/li>\n\n\n\n<li>Taglie Standard Man S-M-ML-L-XL-2XL-3XL-4XL<\/li>\n\n\n\n<li>Taglie Tall Man (Persone alte) MT-LT-XLT-2XLT<\/li>\n\n\n\n<li>Taglie Mid Man (Persone di media statura) LS-XLS-2XLS-3XLS<\/li>\n\n\n\n<li>Taglie Standard Lady XS-S-M-L-XL-2XL<\/li>\n\n\n\n<li>Taglie Tall Lady (Persone alte) MT-LT-XLT-2XLT<\/li>\n\n\n\n<li>Taglie Mid Lady (Persone di media statura) MS-LS-XLS-2XLS<\/li>\n\n\n\n<li>Nota: Vista la variet\u00e0 dei modelli a catalogo \u00e8 necessario verificare il Size<br\/>range di ogni singolo modello.<\/li>\n<\/ul>\n<\/div>\n<\/div>\n\n<p><strong>S\u00e9lection des mat\u00e9riaux<\/strong><\/p>\n\n<div class=\"wp-block-columns is-layout-flex wp-container-core-columns-is-layout-9d6595d7 wp-block-columns-is-layout-flex\">\n<div class=\"wp-block-column is-layout-flow wp-block-column-is-layout-flow\" style=\"flex-basis:10%\">\n<figure class=\"wp-block-gallery has-nested-images columns-default is-cropped wp-block-gallery-3 is-layout-flex wp-block-gallery-is-layout-flex\">\n<figure class=\"wp-block-image size-full is-style-default\"><img loading=\"lazy\" decoding=\"async\" width=\"200\" height=\"205\" data-id=\"1923\" src=\"https:\/\/teknodiver.com\/wp-content\/uploads\/2022\/03\/selezione_materiali.jpg\" alt=\"\" class=\"wp-image-1923\"\/><\/figure>\n<\/figure>\n<\/div>\n\n\n\n<div class=\"wp-block-column is-layout-flow wp-block-column-is-layout-flow\" style=\"flex-basis:90%\">\n<p>L\u2019exigence dans le choix des mat\u00e9riaux est notre force La s\u00e9lection continue et constante et la recherche du N\u00e9opr\u00e8ne et des doublures, nous permet de choisir les mat\u00e9riaux les plus aptes, s\u00fbrs et confortables pour chaque type d\u2019application. L\u2019utilisation des mat\u00e9riaux et composants anallergiques sont les crit\u00e8res les plus importants qu\u2019il y aie dans notre choix. Les combinaisons de plong\u00e9e sont faites pour prot\u00e9ger le plongeur et cela reste notre pr\u00e9occupation principale.<\/p>\n<\/div>\n<\/div>\n\n<p><strong>Production \u201cMade in Italy\u201d<\/strong><\/p>\n\n<div class=\"wp-block-columns is-layout-flex wp-container-core-columns-is-layout-9d6595d7 wp-block-columns-is-layout-flex\">\n<div class=\"wp-block-column is-layout-flow wp-block-column-is-layout-flow\" style=\"flex-basis:10%\">\n<figure class=\"wp-block-gallery has-nested-images columns-default is-cropped wp-block-gallery-4 is-layout-flex wp-block-gallery-is-layout-flex\">\n<figure class=\"wp-block-image size-full is-style-default\"><img loading=\"lazy\" decoding=\"async\" width=\"200\" height=\"205\" data-id=\"1926\" src=\"https:\/\/teknodiver.com\/wp-content\/uploads\/2022\/03\/madeinitaly.jpg\" alt=\"\" class=\"wp-image-1926\"\/><\/figure>\n<\/figure>\n<\/div>\n\n\n\n<div class=\"wp-block-column is-layout-flow wp-block-column-is-layout-flow\" style=\"flex-basis:90%\">\n<p>otre but et notre fiert\u00e9 est que chaque produit soit \u00e9tudi\u00e9, projet\u00e9 et r\u00e9alis\u00e9 dans les ateliers TEKNODIVER en Italie. Cela nous permet de contr\u00f4ler constamment le d\u00e9veloppement et la production en nous conformant scrupuleusement aux normes europ\u00e9ennes en termes de qualit\u00e9 et s\u00e9curit\u00e9.. \u00c0 la fin du cycle de production chaque produit est \u00e9tiquet\u00e9s par nos soins avec le \u201cmade in Italy\u201d qui confirme et atteste du lieu o\u00f9 le produit a \u00e9t\u00e9 r\u00e9alis\u00e9 r\u00e9ellement.<\/p>\n<\/div>\n<\/div>\n\n<p><strong>Contr\u00f4le qualit\u00e9 et Tra\u00e7abilit\u00e9 des produits<\/strong><\/p>\n\n<div class=\"wp-block-columns is-layout-flex wp-container-core-columns-is-layout-9d6595d7 wp-block-columns-is-layout-flex\">\n<div class=\"wp-block-column is-layout-flow wp-block-column-is-layout-flow\" style=\"flex-basis:10%\">\n<figure class=\"wp-block-gallery has-nested-images columns-default is-cropped wp-block-gallery-5 is-layout-flex wp-block-gallery-is-layout-flex\">\n<figure class=\"wp-block-image size-full is-style-default\"><img loading=\"lazy\" decoding=\"async\" width=\"200\" height=\"205\" data-id=\"1922\" src=\"https:\/\/teknodiver.com\/wp-content\/uploads\/2022\/03\/qualita.jpg\" alt=\"\" class=\"wp-image-1922\"\/><\/figure>\n<\/figure>\n\n\n\n<figure class=\"wp-block-gallery has-nested-images columns-default is-cropped wp-block-gallery-6 is-layout-flex wp-block-gallery-is-layout-flex\">\n<figure class=\"wp-block-image size-full is-style-default\"><img loading=\"lazy\" decoding=\"async\" width=\"200\" height=\"205\" data-id=\"1924\" src=\"https:\/\/teknodiver.com\/wp-content\/uploads\/2022\/03\/tracciabilita.jpg\" alt=\"\" class=\"wp-image-1924\"\/><\/figure>\n<\/figure>\n<\/div>\n\n\n\n<div class=\"wp-block-column is-layout-flow wp-block-column-is-layout-flow\" style=\"flex-basis:90%\">\n<p>\u00c0 la fin de chaque cycle de production le v\u00eatement passe au contr\u00f4le qualit\u00e9, du personnel sp\u00e9cialis\u00e9 est d\u00e9di\u00e9 \u00e0 ce travail particulier, il v\u00e9rifie soigneusement chaque partie et c\u2019est seulement apr\u00e8s ce contr\u00f4le soign\u00e9 que sera donn\u00e9 le feu vert final pour l\u2019emballage. Dans le cas des v\u00eatements \u00e9tanches chaque mod\u00e8le est test\u00e9 a 100% en bassin sp\u00e9cial, ceci permet de contr\u00f4ler a la fois la tenue des coutures et l\u2019imperm\u00e9abilit\u00e9 du produit. L\u2019approbation finale apr\u00e8s ce contr\u00f4le confirme la parfaite \u00e9tanch\u00e9it\u00e9 du v\u00eatement sec, le v\u00eatement sec peut ensuite passer \u00e0 la phase suivante d\u2019immatriculation et d\u2019emballage.. Chaque v\u00eatement produit et certifi\u00e9 n\u00e9cessite un suivi de \u201ctra\u00e7abilit\u00e9\u201d impos\u00e9 pour tous les produits r\u00e9alis\u00e9s dans la Communaut\u00e9 Europ\u00e9enne, c\u2019est une garantie pour le consommateur final. Gr\u00e2ce \u00e0 la pr\u00e9cision de son contr\u00f4le qualit\u00e9 pour chaque \u00e9l\u00e9ment qui compose le v\u00eatement, l\u2019usine TEKNODIVER, est capable de v\u00e9rifier et retrouver les lots des mat\u00e9riaux utilis\u00e9s de mani\u00e8re \u00e0 en \u00e9tablir le parcours lors de la production. En synth\u00e8se chaque composant utilis\u00e9 pour r\u00e9aliser le v\u00eatement est not\u00e9 dans une fiche technique cr\u00e9ant ainsi une esp\u00e8ce d\u2019 \u201cADN\u201d du produit fini. Toujours cela nous permet de v\u00e9rifier la qualit\u00e9 de nos produits au fil des ann\u00e9es.<\/p>\n<\/div>\n<\/div>\n\n<p><strong>Service \u201capr\u00e8s-vente\u201d Teknodiver<\/strong><\/p>\n\n<div class=\"wp-block-columns is-layout-flex wp-container-core-columns-is-layout-9d6595d7 wp-block-columns-is-layout-flex\">\n<div class=\"wp-block-column is-layout-flow wp-block-column-is-layout-flow\" style=\"flex-basis:10%\">\n<figure class=\"wp-block-gallery has-nested-images columns-default is-cropped wp-block-gallery-7 is-layout-flex wp-block-gallery-is-layout-flex\">\n<figure class=\"wp-block-image size-full is-style-default\"><img loading=\"lazy\" decoding=\"async\" width=\"200\" height=\"205\" data-id=\"1930\" src=\"https:\/\/teknodiver.com\/wp-content\/uploads\/2022\/03\/postvendita.jpg\" alt=\"\" class=\"wp-image-1930\"\/><\/figure>\n<\/figure>\n<\/div>\n\n\n\n<div class=\"wp-block-column is-layout-flow wp-block-column-is-layout-flow\" style=\"flex-basis:90%\">\n<p>TEKNODIVER offre a ses clients un service d\u2019assistance rapide et efficace, notre id\u00e9e est que le client ne doit jamais se sentir d\u00e9laiss\u00e9, pour celui-ci notre d\u00e9partement assistance est apte \u00e0 r\u00e9aliser n\u2019importe quelle intervention , de l\u2019entretien le plus simple \u00e0 l\u2019intervention extraordinaire. Un stock important de pi\u00e8ces rechange nous permet d\u2019intervenir tr\u00e8s rapidement de mani\u00e8re que chaque r\u00e9paration soit rendue le plus vite possible. Pour la protection de nos clients, un syst\u00e8me int\u00e9rieur nous permet de mettre \u00e0 jour la fiche du produit sauvegard\u00e9e en v\u00e9rifiant les interventions qui ont \u00e9t\u00e9 ex\u00e9cut\u00e9s au fil des ans.<\/p>\n<\/div>\n<\/div>\n\n<p><strong>Personnalisation des produits<\/strong><\/p>\n\n<div class=\"wp-block-columns is-layout-flex wp-container-core-columns-is-layout-9d6595d7 wp-block-columns-is-layout-flex\">\n<div class=\"wp-block-column is-layout-flow wp-block-column-is-layout-flow\" style=\"flex-basis:10%\">\n<figure class=\"wp-block-gallery has-nested-images columns-default is-cropped wp-block-gallery-8 is-layout-flex wp-block-gallery-is-layout-flex\">\n<figure class=\"wp-block-image size-full is-style-default\"><img loading=\"lazy\" decoding=\"async\" width=\"200\" height=\"205\" data-id=\"1929\" src=\"https:\/\/teknodiver.com\/wp-content\/uploads\/2022\/03\/personalizzazionedelprodotto.jpg\" alt=\"\" class=\"wp-image-1929\"\/><\/figure>\n<\/figure>\n<\/div>\n\n\n\n<div class=\"wp-block-column is-layout-flow wp-block-column-is-layout-flow\" style=\"flex-basis:90%\">\n<p>Teknodiver veut \u00eatre au plus pr\u00e8s des exigences de ses clients, pour cela Teknodiver est apte \u00e0 offrir un service que nous pouvons consid\u00e9rer comme unique en son genre. Personnaliser la combinaison veut dire cr\u00e9er un mod\u00e8le qui se rapproche le plus possible de vos exigences. Une fois le mod\u00e8le qui vous int\u00e9resse s\u00e9lectionn\u00e9, nous pouvons l\u2019enrichir avec une infinit\u00e9 d\u2019am\u00e9liorations et d\u2019accessoires, poches de formes et tailles diff\u00e9rentes, poignets en latex, renforts en Kevlar, fermeture a zip \u201ccomfort zip\u201d et beaucoup d\u2019autres solutions applicables. Consultez nous pour discuter vos d\u00e9sirs, nous serons heureux de vous fournir des solutions pratiques et proches de vos n\u00e9cessit\u00e9s.\u00e0.<\/p>\n<\/div>\n<\/div>\n\n<p><strong><a><strong>Fait sur mesure pour vous<\/strong><\/a><\/strong><\/p>\n\n<div class=\"wp-block-columns is-layout-flex wp-container-core-columns-is-layout-9d6595d7 wp-block-columns-is-layout-flex\">\n<div class=\"wp-block-column is-layout-flow wp-block-column-is-layout-flow\" style=\"flex-basis:10%\">\n<figure class=\"wp-block-gallery has-nested-images columns-default is-cropped wp-block-gallery-9 is-layout-flex wp-block-gallery-is-layout-flex\">\n<figure class=\"wp-block-image size-full is-style-default\"><img loading=\"lazy\" decoding=\"async\" width=\"200\" height=\"205\" data-id=\"1928\" src=\"https:\/\/teknodiver.com\/wp-content\/uploads\/2022\/03\/misuraperte.jpg\" alt=\"\" class=\"wp-image-1928\"\/><\/figure>\n<\/figure>\n\n\n\n<figure class=\"wp-block-gallery has-nested-images columns-default is-cropped wp-block-gallery-10 is-layout-flex wp-block-gallery-is-layout-flex\">\n<figure class=\"wp-block-image size-full is-style-default\"><img loading=\"lazy\" decoding=\"async\" width=\"200\" height=\"205\" data-id=\"1927\" src=\"https:\/\/teknodiver.com\/wp-content\/uploads\/2022\/03\/misura2.jpg\" alt=\"\" class=\"wp-image-1927\"\/><\/figure>\n<\/figure>\n<\/div>\n\n\n\n<div class=\"wp-block-column is-layout-flow wp-block-column-is-layout-flow\" style=\"flex-basis:90%\">\n<p>Teknodiver est en \u00e9volution permanente pour offrir de plus en plus de services, produits exclusifs et personnalis\u00e9. Les professionnels et les experts du monde de la plong\u00e9e sont aujourd\u2019hui plus que jamais \u00e0 la recherche de produits \u00e0 l\u2019avantgarde qui puissent correspondre totalement \u00e0 leurs exigences professionnelles, \u201cLe custom made\u201d TEKNODIVER a \u00e9t\u00e9 pens\u00e9 pour celui qui veut vraiment quelque chose en plus de sa combinaison de plong\u00e9e. Le syst\u00e8me de production sur mesures permet en peu de temps d\u2019obtenir un mod\u00e8le qui suit harmonieusement les formes du corps, pour cela le service \u201csur mesure\u201d est \u00e0 la port\u00e9 de tous ceux qui d\u00e9sirent un produit \u00e0 la fois pratique et confortable. Une ic\u00f4ne \u201ccustom made\u201d identifiera les mod\u00e8les du catalogue qui peuvent \u00eatre r\u00e9alis\u00e9 sur mesure. En remplissant soigneusement la fiche mesures \u00e0 la fin de ce catalogue, vous pourrez nous envoyer tous les renseignements n\u00e9cessaires \u00e0 la r\u00e9alisation de votre v\u00eatement sur mesure. Pour un devis ou autres renseignements contactez gratuitement votre revendeur local ou directement \u00e0 notre adresse: <a href=\"mailto:teknodiver@teknodiver.com\"><strong>teknodiver@teknodiver.com<\/strong><\/a> ou t\u00e9l\u00e9phonez au n. suivant: <strong>+39 0833 832141<\/strong> &#8211; Fax: <strong>+39 0833 832142.<\/strong><\/p>\n<\/div>\n<\/div>\n\n<p><strong>Certification CE<\/strong><\/p>\n\n<div class=\"wp-block-columns is-layout-flex wp-container-core-columns-is-layout-9d6595d7 wp-block-columns-is-layout-flex\">\n<div class=\"wp-block-column is-layout-flow wp-block-column-is-layout-flow\" style=\"flex-basis:10%\">\n<figure class=\"wp-block-gallery has-nested-images columns-default is-cropped wp-block-gallery-11 is-layout-flex wp-block-gallery-is-layout-flex\">\n<figure class=\"wp-block-image size-full is-style-default\"><img loading=\"lazy\" decoding=\"async\" width=\"200\" height=\"205\" data-id=\"1969\" src=\"https:\/\/teknodiver.com\/wp-content\/uploads\/2022\/03\/certificazioni.jpg\" alt=\"\" class=\"wp-image-1969\"\/><\/figure>\n<\/figure>\n<\/div>\n\n\n\n<div class=\"wp-block-column is-layout-flow wp-block-column-is-layout-flow\" style=\"flex-basis:90%\">\n<p>Chaque combinaison produite dans les ateliers Teknodiver est certifi\u00e9e selon les normes europ\u00e9ennes en vigueur sur les mat\u00e9riaux. Les v\u00eatements \u00e9tanches sont en accord avec la norme europ\u00e9enne EN 14225-2:2005 et les v\u00eatements humides avec la norme europ\u00e9enne EN 14225-1:2005. La certification europ\u00e9enne est un pas important pour la protection et la s\u00e9curit\u00e9 de l\u2019utilisateur final. C\u2019est pourquoi TEKNODIVER a depuis toujours \u00e9t\u00e9 promoteur de cette initiative en participant activement aux certifications dans le respect et la protection du consommateur. Chaque mod\u00e8le est test\u00e9 par les organismes certificateurs avec des test de fonctionnalit\u00e9, test destructif des mat\u00e9riaux, tests de dispersions thermiques et tests pratiques. Les mod\u00e8les qui passent ces tests sont de loin les plus professionnels qu\u2019il soit possible de trouver sur le march\u00e9, c\u2019est pour cela que TEKNODIVER s\u2019est appliqu\u00e9e \u00e0 obtenir la certification pour chacun des produits pr\u00e9sent au catalogue dans la cat\u00e9gorie \u201cV\u00eatements pour utilisation avec \u00e9quipement de plong\u00e9e autonome.\u201d Chaque certification est \u00e0 disposition dans les archives de production TEKNODIVER. Le RINA, (CE0474) est l\u2019organisme certificateur utilis\u00e9 par TEKNODIVER pour la certification de la gamme compl\u00e8te pr\u00e9sente au catalogue.<\/p>\n<\/div>\n<\/div>\n","protected":false},"excerpt":{"rendered":"<p>You will never dive Alone\u00a0\u00bb Le choix de cette devise est n\u00e9 il y a quelques ann\u00e9es pour identifier l\u2019esprit&#8230;<\/p>\n","protected":false},"author":1,"featured_media":0,"parent":0,"menu_order":0,"comment_status":"closed","ping_status":"closed","template":"","meta":{"footnotes":""},"class_list":["post-3158","page","type-page","status-publish","hentry"],"_links":{"self":[{"href":"https:\/\/teknodiver.com\/fr\/wp-json\/wp\/v2\/pages\/3158","targetHints":{"allow":["GET"]}}],"collection":[{"href":"https:\/\/teknodiver.com\/fr\/wp-json\/wp\/v2\/pages"}],"about":[{"href":"https:\/\/teknodiver.com\/fr\/wp-json\/wp\/v2\/types\/page"}],"author":[{"embeddable":true,"href":"https:\/\/teknodiver.com\/fr\/wp-json\/wp\/v2\/users\/1"}],"replies":[{"embeddable":true,"href":"https:\/\/teknodiver.com\/fr\/wp-json\/wp\/v2\/comments?post=3158"}],"version-history":[{"count":2,"href":"https:\/\/teknodiver.com\/fr\/wp-json\/wp\/v2\/pages\/3158\/revisions"}],"predecessor-version":[{"id":3189,"href":"https:\/\/teknodiver.com\/fr\/wp-json\/wp\/v2\/pages\/3158\/revisions\/3189"}],"wp:attachment":[{"href":"https:\/\/teknodiver.com\/fr\/wp-json\/wp\/v2\/media?parent=3158"}],"curies":[{"name":"wp","href":"https:\/\/api.w.org\/{rel}","templated":true}]}}