{"id":3172,"date":"2022-03-07T10:29:20","date_gmt":"2022-03-07T09:29:20","guid":{"rendered":"http:\/\/hidden-grove-3p4sgefefl.ploi.link\/quienes-somos\/"},"modified":"2024-02-12T16:33:09","modified_gmt":"2024-02-12T15:33:09","slug":"quienes-somos","status":"publish","type":"page","link":"https:\/\/teknodiver.com\/es\/quienes-somos\/","title":{"rendered":"Quienes somos"},"content":{"rendered":"<div class=\"wp-block-image is-style-default\">\n<figure class=\"aligncenter size-full\"><img loading=\"lazy\" decoding=\"async\" width=\"750\" height=\"185\" src=\"http:\/\/hidden-grove-3p4sgefefl.ploi.link\/wp-content\/uploads\/2022\/02\/Logo-Completo-Colore.jpg\" alt=\"\" class=\"wp-image-1609\" srcset=\"https:\/\/teknodiver.com\/wp-content\/uploads\/2022\/02\/Logo-Completo-Colore.jpg 750w, https:\/\/teknodiver.com\/wp-content\/uploads\/2022\/02\/Logo-Completo-Colore-600x148.jpg 600w, https:\/\/teknodiver.com\/wp-content\/uploads\/2022\/02\/Logo-Completo-Colore-300x74.jpg 300w\" sizes=\"auto, (max-width: 750px) 100vw, 750px\" \/><\/figure><\/div>\n<p><strong>You will never dive Alone\u00bb<\/strong><\/p>\n\n<p class=\"has-text-align-left\">\u2026 La elecci\u00f3n de este lema naci\u00f3 hace varios a\u00f1os para identificar el verdadero esp\u00edritu de empresa, con la frase, <strong>\u00abNunca te sientas solo en inmersi\u00f3n\u00bb<\/strong> hemos querido aprovechar el valor a\u00f1adido que una empresa din\u00e1mica como Teknodiver puede ofrecer a sus clientes.<\/p>\n\n<p class=\"has-text-align-left\">Nuestro objetivo es hacer que usted se sienta siempre \u201cel centro de atenci\u00f3n\u201d con un servicio y un producto \u00fanico.<\/p>\n\n<p class=\"has-text-align-left\">El traje de neopreno, cualquiera que sea, es un componente esencial del equipo para la seguridad y la comodidad de cada buceador, ser capaces de dar un producto realmente de acuerdo a vuestra exig\u00e9ncia es para nosotros lo mas importante y satisfactorio, para esto trabajamos sobre cada producto con meticulosa atenci\u00f3n y profesionalidad, no dejamos nada al azar.<\/p>\n\n<p class=\"has-text-align-left\"><strong>\u00abMade in Italy\u00bb<\/strong> es algo que recoge la tradici\u00f3n, el arte y capacidad profesional que todo el mundo nos envidia, nos sentimos orgullosos de ello y lo atesoramos todos los d\u00edas. Contiene a\u00f1os de estudio, investigaci\u00f3n y caracter\u00edsticas de dise\u00f1o que se considera un bien insustituible. Cada \u201cpaso\u201d de producci\u00f3n es constantemente controlado y supervisado por nosotros, su satisfacci\u00f3n es lo m\u00e1s importante para nosotros, por lo que consideramos no s\u00f3lo clientes, sino que forman parte de nosotros&#8230;<\/p>\n\n<p><strong>Dise\u00f1o<\/strong><\/p>\n\n<div class=\"wp-block-columns is-layout-flex wp-container-core-columns-is-layout-9d6595d7 wp-block-columns-is-layout-flex\">\n<div class=\"wp-block-column is-layout-flow wp-block-column-is-layout-flow\" style=\"flex-basis:10%\">\n<figure class=\"wp-block-gallery has-nested-images columns-default is-cropped wp-block-gallery-1 is-layout-flex wp-block-gallery-is-layout-flex\">\n<figure class=\"wp-block-image size-full is-style-default\"><img loading=\"lazy\" decoding=\"async\" width=\"200\" height=\"203\" data-id=\"1921\" src=\"https:\/\/teknodiver.com\/wp-content\/uploads\/2022\/03\/progettazione.png\" alt=\"\" class=\"wp-image-1921\"\/><\/figure>\n<\/figure>\n<\/div>\n\n\n\n<div class=\"wp-block-column is-layout-flow wp-block-column-is-layout-flow\" style=\"flex-basis:90%\">\n<p>Cada modelo se ha dise\u00f1ado, desarrollado y modificado aprovechando las t\u00e9cnicas inform\u00e1ticas avanzadas, el desarrollo de tallas \u201ccalificaci\u00f3n\u201d se actualiza constantemente para ofrecer caracter\u00edsticas \u00fanicas de comodidad y ajuste, este estudio toma horas y horas de trabajo y los resultados son realmente importantes. Con nuestra experiencia en la aplicaci\u00f3n y desarrollo de modelos podemos ofrecer una gama de tallas adecuadas para vestircualquier tipo de persona. TEKNODIVER tambi\u00e9n dise\u00f1a y fabrica desde hace a\u00f1os trajes h\u00famedos y secos espec\u00edficos para determinadas fuerzas militares, de protecci\u00f3n civil europea y equipos de rescate.<\/p>\n<\/div>\n<\/div>\n\n<p><strong>Tallaje<\/strong><\/p>\n\n<div class=\"wp-block-columns is-layout-flex wp-container-core-columns-is-layout-9d6595d7 wp-block-columns-is-layout-flex\">\n<div class=\"wp-block-column is-layout-flow wp-block-column-is-layout-flow\" style=\"flex-basis:10%\">\n<figure class=\"wp-block-gallery has-nested-images columns-default is-cropped wp-block-gallery-2 is-layout-flex wp-block-gallery-is-layout-flex\">\n<figure class=\"wp-block-image size-full is-style-default\"><img loading=\"lazy\" decoding=\"async\" width=\"200\" height=\"464\" data-id=\"1925\" src=\"https:\/\/teknodiver.com\/wp-content\/uploads\/2022\/03\/vestibilita_grande.jpg\" alt=\"\" class=\"wp-image-1925\" srcset=\"https:\/\/teknodiver.com\/wp-content\/uploads\/2022\/03\/vestibilita_grande.jpg 200w, https:\/\/teknodiver.com\/wp-content\/uploads\/2022\/03\/vestibilita_grande-129x300.jpg 129w\" sizes=\"auto, (max-width: 200px) 100vw, 200px\" \/><\/figure>\n<\/figure>\n<\/div>\n\n\n\n<div class=\"wp-block-column is-layout-flow wp-block-column-is-layout-flow\" style=\"flex-basis:90%\">\n<ul class=\"wp-block-list\">\n<li>Grazie alla nostra esperienza nella realizzazione e sviluppo di modelli siamo in grado di offrire un range di taglie speciali atte a vestire ogni tipologia di persona.<\/li>\n\n\n\n<li>Taglie Standard Man S-M-ML-L-XL-2XL-3XL-4XL<\/li>\n\n\n\n<li>Taglie Tall Man (Persone alte) MT-LT-XLT-2XLT<\/li>\n\n\n\n<li>Taglie Mid Man (Persone di media statura) LS-XLS-2XLS-3XLS<\/li>\n\n\n\n<li>Taglie Standard Lady XS-S-M-L-XL-2XL<\/li>\n\n\n\n<li>Taglie Tall Lady (Persone alte) MT-LT-XLT-2XLT<\/li>\n\n\n\n<li>Taglie Mid Lady (Persone di media statura) MS-LS-XLS-2XLS<\/li>\n\n\n\n<li>Nota: Vista la variet\u00e0 dei modelli a catalogo \u00e8 necessario verificare il Size<br\/>range di ogni singolo modello.<\/li>\n<\/ul>\n<\/div>\n<\/div>\n\n<p><strong>Selecci\u00f3n de los materiales<\/strong><\/p>\n\n<div class=\"wp-block-columns is-layout-flex wp-container-core-columns-is-layout-9d6595d7 wp-block-columns-is-layout-flex\">\n<div class=\"wp-block-column is-layout-flow wp-block-column-is-layout-flow\" style=\"flex-basis:10%\">\n<figure class=\"wp-block-gallery has-nested-images columns-default is-cropped wp-block-gallery-3 is-layout-flex wp-block-gallery-is-layout-flex\">\n<figure class=\"wp-block-image size-full is-style-default\"><img loading=\"lazy\" decoding=\"async\" width=\"200\" height=\"205\" data-id=\"1923\" src=\"https:\/\/teknodiver.com\/wp-content\/uploads\/2022\/03\/selezione_materiali.jpg\" alt=\"\" class=\"wp-image-1923\"\/><\/figure>\n<\/figure>\n<\/div>\n\n\n\n<div class=\"wp-block-column is-layout-flow wp-block-column-is-layout-flow\" style=\"flex-basis:90%\">\n<p>La elecci\u00f3n general de los materiales es nuestro punto fuerte.. La investigaci\u00f3n continua y constante y la selecci\u00f3n de forro de neopreno y nos permite identificar el material m\u00e1s adecuado, seguro y c\u00f3modo para todo tipo de aplicaci\u00f3n. El uso de materiales y piezas anal\u00e9rgico son lo prioritario y m\u00e1s importante en nuestra elecci\u00f3n. Los trajes de buceo se crean para proteger al buzo, siempre tenemos en cuenta esta constante.<\/p>\n<\/div>\n<\/div>\n\n<p><strong>La producci\u00f3n \u201cMade in Italy\u201d<\/strong><\/p>\n\n<div class=\"wp-block-columns is-layout-flex wp-container-core-columns-is-layout-9d6595d7 wp-block-columns-is-layout-flex\">\n<div class=\"wp-block-column is-layout-flow wp-block-column-is-layout-flow\" style=\"flex-basis:10%\">\n<figure class=\"wp-block-gallery has-nested-images columns-default is-cropped wp-block-gallery-4 is-layout-flex wp-block-gallery-is-layout-flex\">\n<figure class=\"wp-block-image size-full is-style-default\"><img loading=\"lazy\" decoding=\"async\" width=\"200\" height=\"205\" data-id=\"1926\" src=\"https:\/\/teknodiver.com\/wp-content\/uploads\/2022\/03\/madeinitaly.jpg\" alt=\"\" class=\"wp-image-1926\"\/><\/figure>\n<\/figure>\n<\/div>\n\n\n\n<div class=\"wp-block-column is-layout-flow wp-block-column-is-layout-flow\" style=\"flex-basis:90%\">\n<p>Nuestro punto fuerte y nuestro orgullo, a cada producto se ha desarrollado, dise\u00f1ado y fabricado en los laboratorios TEKNODIVER Italia. Esto nos permite controlar constantemente que el desarrollo y la producci\u00f3n cumpla estrictamente con las normas europeas en t\u00e9rminos de calidad y seguridad. Al final del ciclo de producci\u00f3n de cada producto lleva la etiqueta \u201cMade in Italy\u201d de confirmaci\u00f3n y verificaci\u00f3n de donde se hace realmente erl producto.<\/p>\n<\/div>\n<\/div>\n\n<p><strong>Control de Calidad y Trazabilidad de Productos<\/strong><\/p>\n\n<div class=\"wp-block-columns is-layout-flex wp-container-core-columns-is-layout-9d6595d7 wp-block-columns-is-layout-flex\">\n<div class=\"wp-block-column is-layout-flow wp-block-column-is-layout-flow\" style=\"flex-basis:10%\">\n<figure class=\"wp-block-gallery has-nested-images columns-default is-cropped wp-block-gallery-5 is-layout-flex wp-block-gallery-is-layout-flex\">\n<figure class=\"wp-block-image size-full is-style-default\"><img loading=\"lazy\" decoding=\"async\" width=\"200\" height=\"205\" data-id=\"1922\" src=\"https:\/\/teknodiver.com\/wp-content\/uploads\/2022\/03\/qualita.jpg\" alt=\"\" class=\"wp-image-1922\"\/><\/figure>\n<\/figure>\n\n\n\n<figure class=\"wp-block-gallery has-nested-images columns-default is-cropped wp-block-gallery-6 is-layout-flex wp-block-gallery-is-layout-flex\">\n<figure class=\"wp-block-image size-full is-style-default\"><img loading=\"lazy\" decoding=\"async\" width=\"200\" height=\"205\" data-id=\"1924\" src=\"https:\/\/teknodiver.com\/wp-content\/uploads\/2022\/03\/tracciabilita.jpg\" alt=\"\" class=\"wp-image-1924\"\/><\/figure>\n<\/figure>\n<\/div>\n\n\n\n<div class=\"wp-block-column is-layout-flow wp-block-column-is-layout-flow\" style=\"flex-basis:90%\">\n<p>En el final de cada ciclo de producci\u00f3n el producto pasa al control de calidad, personal especializado y dedicado exclusivamente a este trabajo particular, verifica cuidadosamente cada parte, s\u00f3lo despu\u00e9s de este examen cuidadoso se dar\u00e1 el visto bueno final para el embalaje. En el caso de los trajes secos cada modelo es probado al 100% en tanques especiales, esto es, para comprobar tanto la estanqueidad de las costuras como la impermeabilidad del producto. La aprobaci\u00f3n definitiva al final de este control confirma la total estanqueidad , es entonces cuando el traje puede ir a la siguiente etapa de matr\u00edcula y envasado. Cualquier cambio realizado y certificado requiere un camino de \u201ctrazabilidad\u201d requerida para todos los productos elaborados en la Comunidad Europea, para garantizar esta protecci\u00f3n al consumidor final. La empresa TEKNODIVER, debido a su ubicuidad en el control de cada parte del traje es capaz de verificar e identificar el lote de los materiales utilizados para establecer el proceso de producci\u00f3n. En resumen cada componente utilizado para realizar los cambios se registran en una hoja de datos, creando una especie de \u201cDNA\u201d del producto acabado. Esto nos permite en cualquier momento para verificar la calidad de nuestros productos a trav\u00e9s del tiempo.<\/p>\n<\/div>\n<\/div>\n\n<p><strong>Servicio post venta Teknodiver<\/strong><\/p>\n\n<div class=\"wp-block-columns is-layout-flex wp-container-core-columns-is-layout-9d6595d7 wp-block-columns-is-layout-flex\">\n<div class=\"wp-block-column is-layout-flow wp-block-column-is-layout-flow\" style=\"flex-basis:10%\">\n<figure class=\"wp-block-gallery has-nested-images columns-default is-cropped wp-block-gallery-7 is-layout-flex wp-block-gallery-is-layout-flex\">\n<figure class=\"wp-block-image size-full is-style-default\"><img loading=\"lazy\" decoding=\"async\" width=\"200\" height=\"205\" data-id=\"1930\" src=\"https:\/\/teknodiver.com\/wp-content\/uploads\/2022\/03\/postvendita.jpg\" alt=\"\" class=\"wp-image-1930\"\/><\/figure>\n<\/figure>\n<\/div>\n\n\n\n<div class=\"wp-block-column is-layout-flow wp-block-column-is-layout-flow\" style=\"flex-basis:90%\">\n<p>TEKNODIVER ofrece a sus clientes una asistencia r\u00e1pida y eficaz, nuestra idea es que el cliente no debe sentirse nunca a la abandonado, y es por eso que nuestro departamento de asistencia es capaz de ejecutar cualquier acci\u00f3n, de normal al mantenimiento extraordinario. Un amplio almac\u00e9n de recambios nos permite actuar con rapidez, de modo que las reparaciones se resuelvan tan pronto como sea posible. Para protecci\u00f3n del cliente, un sistema interno nos permite actualizar los detalles de las operaciones de control y reparado que se realizaron durante los a\u00f1os.<\/p>\n<\/div>\n<\/div>\n\n<p><strong>Personalizaci\u00f3n del producto<\/strong><\/p>\n\n<div class=\"wp-block-columns is-layout-flex wp-container-core-columns-is-layout-9d6595d7 wp-block-columns-is-layout-flex\">\n<div class=\"wp-block-column is-layout-flow wp-block-column-is-layout-flow\" style=\"flex-basis:10%\">\n<figure class=\"wp-block-gallery has-nested-images columns-default is-cropped wp-block-gallery-8 is-layout-flex wp-block-gallery-is-layout-flex\">\n<figure class=\"wp-block-image size-full is-style-default\"><img loading=\"lazy\" decoding=\"async\" width=\"200\" height=\"205\" data-id=\"1929\" src=\"https:\/\/teknodiver.com\/wp-content\/uploads\/2022\/03\/personalizzazionedelprodotto.jpg\" alt=\"\" class=\"wp-image-1929\"\/><\/figure>\n<\/figure>\n<\/div>\n\n\n\n<div class=\"wp-block-column is-layout-flow wp-block-column-is-layout-flow\" style=\"flex-basis:90%\">\n<p>TEKNODIVER quiere estar cerca de las necesidades de cada cliente, para ello es necesario ofrecer un servicio que puede ser considerado como \u00fanico en su g\u00e9nero. Personalizaci\u00f3n de los trajes significa crear un modelo que se aproxime a sus necesidades, una vez seleccionado el traje de su inter\u00e9s podemos enriquecerlo con infinidad de \u00fatiles y pr\u00e1cticos accesorios, bolsas de diferentes formas y tama\u00f1os, los pu\u00f1os de l\u00e1tex, refuerzos en Kevlar , cremalleras \u201ccomfort zip\u201d y muchas otras soluciones aplicables, cons\u00faltanos para discutir sus requisitos particulares, estaremos encantados de proporcionar soluciones pr\u00e1cticas a sus necesidades.<\/p>\n<\/div>\n<\/div>\n\n<p><strong><a><strong>Por encargo Hecho a medida para usted<\/strong><\/a><\/strong><\/p>\n\n<div class=\"wp-block-columns is-layout-flex wp-container-core-columns-is-layout-9d6595d7 wp-block-columns-is-layout-flex\">\n<div class=\"wp-block-column is-layout-flow wp-block-column-is-layout-flow\" style=\"flex-basis:10%\">\n<figure class=\"wp-block-gallery has-nested-images columns-default is-cropped wp-block-gallery-9 is-layout-flex wp-block-gallery-is-layout-flex\">\n<figure class=\"wp-block-image size-full is-style-default\"><img loading=\"lazy\" decoding=\"async\" width=\"200\" height=\"205\" data-id=\"1928\" src=\"https:\/\/teknodiver.com\/wp-content\/uploads\/2022\/03\/misuraperte.jpg\" alt=\"\" class=\"wp-image-1928\"\/><\/figure>\n<\/figure>\n\n\n\n<figure class=\"wp-block-gallery has-nested-images columns-default is-cropped wp-block-gallery-10 is-layout-flex wp-block-gallery-is-layout-flex\">\n<figure class=\"wp-block-image size-full is-style-default\"><img loading=\"lazy\" decoding=\"async\" width=\"200\" height=\"205\" data-id=\"1927\" src=\"https:\/\/teknodiver.com\/wp-content\/uploads\/2022\/03\/misura2.jpg\" alt=\"\" class=\"wp-image-1927\"\/><\/figure>\n<\/figure>\n<\/div>\n\n\n\n<div class=\"wp-block-column is-layout-flow wp-block-column-is-layout-flow\" style=\"flex-basis:90%\">\n<p>TEKNODIVER est\u00e1 en constante evoluci\u00f3n para ofrecer servicios y productos m\u00e1s exclusivos y personalizados. Los profesionales y expertos que trabajan en el mundo del buceo son ahora m\u00e1s que nunca en busca de productos de vanguardia que pueden corresponder en su totalidad a sus requisitos de trabajo y\/o profesionales, el \u201cpor encargo\u201d TEKNODIVER est\u00e1 dise\u00f1ado precisamente para aquellos que quieren de su traje algo m\u00e1s. El sistema de producci\u00f3n a medida nos lleva r\u00e1pidamente a obtener un modelo que sigue las formas armoniosas de su cuerpo, por esto servicio \u201cpor encargo\u201d est\u00e1 dirigido a todos aquellos que quieren un producto a medida para el beneficio de la comodidad y el propio confort. Un icono \u201cpor encargo\u201d en el cat\u00e1logo identificar\u00e1 el modelo que puede ser hecho a medida. Al llenar el formulario mide con precisi\u00f3n \u201cla medida\u201d contenida en el este cat\u00e1logo en la p\u00e1gina 64, Usted ser\u00e1 capaz de enviar toda la informaci\u00f3n necesaria para hacer de su traje a medida. Para presupuestos o otra informaci\u00f3n contactar de forma gratuita a nuestra direcci\u00f3n: <a href=\"mailto:teknodiver@teknodiver.com\"><strong>teknodiver@teknodiver.com<\/strong><\/a> o por tel\u00e9fono: <strong>+39 0833 832141<\/strong> &#8211; Fax: <strong>+39 0833 832142.<\/strong><\/p>\n<\/div>\n<\/div>\n\n<p><strong>Certificaci\u00f3n CE<\/strong><\/p>\n\n<div class=\"wp-block-columns is-layout-flex wp-container-core-columns-is-layout-9d6595d7 wp-block-columns-is-layout-flex\">\n<div class=\"wp-block-column is-layout-flow wp-block-column-is-layout-flow\" style=\"flex-basis:10%\">\n<figure class=\"wp-block-gallery has-nested-images columns-default is-cropped wp-block-gallery-11 is-layout-flex wp-block-gallery-is-layout-flex\">\n<figure class=\"wp-block-image size-full is-style-default\"><img loading=\"lazy\" decoding=\"async\" width=\"200\" height=\"205\" data-id=\"1969\" src=\"https:\/\/teknodiver.com\/wp-content\/uploads\/2022\/03\/certificazioni.jpg\" alt=\"\" class=\"wp-image-1969\"\/><\/figure>\n<\/figure>\n<\/div>\n\n\n\n<div class=\"wp-block-column is-layout-flow wp-block-column-is-layout-flow\" style=\"flex-basis:90%\">\n<p>Cualquier trajeproducido en los laboratorios TEKNODIVER est\u00e1 certificado de acuerdo a la legislaci\u00f3n europea. Los trajes secos seg\u00fan la norma europea EN 14225-2:2005 mientras que los trajes h\u00famedos, con la norma EN 14225-1:2005. La certificaci\u00f3n europea es un paso importante para proteger la seguridad y salvaguardia del usuario final, por esto TEKNODIVER siempre ha sido un promotor de esta iniciativa, participando activamente en la certificaci\u00f3n de cumplimiento y protecci\u00f3n de los consumidores. Cada modelo es probado por los organismos de certificaci\u00f3n con las pruebas de funcionalidad, estr\u00e9s de los materiales, pruebas de la p\u00e9rdida de calor y pruebas pr\u00e1cticas, los modelos que pasan estas pruebas son m\u00e1s profesionales de los que est\u00e1n en el mercado, por eso TEKNODIVER se ha comprometido a obtener el certificaci\u00f3n para cada producto presente en el cat\u00e1logo inserto en la categor\u00eda \u201cTrajes de buceo para el uso con escafandra\u201d. Cada certificado CE est\u00e1 disponible en los archivos de producci\u00f3n TEKNODIVER. RINA (CE 0474) es el organismo de certificaci\u00f3n utilizado por TEKNODIVER para la certificaci\u00f3n de la gama completa del cat\u00e1logo.<\/p>\n<\/div>\n<\/div>\n","protected":false},"excerpt":{"rendered":"<p>You will never dive Alone\u00bb \u2026 La elecci\u00f3n de este lema naci\u00f3 hace varios a\u00f1os para identificar el verdadero esp\u00edritu&#8230;<\/p>\n","protected":false},"author":1,"featured_media":0,"parent":0,"menu_order":0,"comment_status":"closed","ping_status":"closed","template":"","meta":{"footnotes":""},"class_list":["post-3172","page","type-page","status-publish","hentry"],"_links":{"self":[{"href":"https:\/\/teknodiver.com\/es\/wp-json\/wp\/v2\/pages\/3172","targetHints":{"allow":["GET"]}}],"collection":[{"href":"https:\/\/teknodiver.com\/es\/wp-json\/wp\/v2\/pages"}],"about":[{"href":"https:\/\/teknodiver.com\/es\/wp-json\/wp\/v2\/types\/page"}],"author":[{"embeddable":true,"href":"https:\/\/teknodiver.com\/es\/wp-json\/wp\/v2\/users\/1"}],"replies":[{"embeddable":true,"href":"https:\/\/teknodiver.com\/es\/wp-json\/wp\/v2\/comments?post=3172"}],"version-history":[{"count":2,"href":"https:\/\/teknodiver.com\/es\/wp-json\/wp\/v2\/pages\/3172\/revisions"}],"predecessor-version":[{"id":3188,"href":"https:\/\/teknodiver.com\/es\/wp-json\/wp\/v2\/pages\/3172\/revisions\/3188"}],"wp:attachment":[{"href":"https:\/\/teknodiver.com\/es\/wp-json\/wp\/v2\/media?parent=3172"}],"curies":[{"name":"wp","href":"https:\/\/api.w.org\/{rel}","templated":true}]}}